{"id":44,"date":"2019-10-26T10:20:24","date_gmt":"2019-10-26T10:20:24","guid":{"rendered":"http:\/\/fisi-safaris.com\/?page_id=44"},"modified":"2019-11-01T18:54:25","modified_gmt":"2019-11-01T18:54:25","slug":"terms-and-conditions","status":"publish","type":"page","link":"https:\/\/fisi-safaris.com\/?page_id=44","title":{"rendered":"TERMS AND CONDITIONS"},"content":{"rendered":"\n<strong>Akismet Anti-Spam<\/strong> Diese Seite nutzt das <a href=\"http:\/\/akismet.com\/\">Akismet-Plugin der <a href=\"http:\/\/automattic.com\/\">Automattic<\/a> Inc., 60 29th Street #343, San Francisco, CA 94110-4929, USA. Mit Hilfe dieses Plugins werden Kommentare von echten Menschen von Spam-Kommentaren unterschieden. Dazu werden alle Kommentarangaben an einen Server in den USA verschickt, wo sie analysiert und f\u00fcr Vergleichszwecke vier Tage lang gespeichert werden. Ist ein Kommentar als Spam eingestuft worden, werden die Daten \u00fcber diese Zeit hinaus gespeichert. Zu diesen Angaben geh\u00f6ren der eingegebene Name, die Emailadresse, die IP-Adresse, der Kommentarinhalt, der Referrer, Angaben zum verwendeten Browser sowie dem Computersystem und die Zeit des Eintrags. Sie k\u00f6nnen gerne Pseudonyme nutzen, oder auf die Eingabe des Namens oder der Emailadresse verzichten. Sie k\u00f6nnen die \u00dcbertragung der Daten komplett verhindern, in dem Sie unser Kommentarsystem nicht nutzen. Das w\u00e4re schade, aber leider sehen wir sonst keine Alternativen, die ebenso effektiv arbeiten. Sie k\u00f6nnen der Nutzung Ihrer Daten f\u00fcr die Zukunft unter <a href=\"mailto:support@wordpress.com\" target=\"_blank\" rel=\"noopener noreferrer\">support@wordpress.com<\/a>, Betreff \u201cDeletion of Data stored by Akismet\u201d unter Angabe\/Beschreibung der gespeicherten Daten widersprechen.\n","protected":false},"excerpt":{"rendered":"<p>Akismet Anti-Spam Diese Seite nutzt das Akismet-Plugin der Automattic Inc., 60 29th Street #343, San Francisco, CA 94110-4929, USA. Mit Hilfe dieses Plugins werden Kommentare von echten Menschen von Spam-Kommentaren unterschieden. Dazu werden alle Kommentarangaben an einen Server in den USA verschickt, wo sie analysiert &hellip; <\/p>\n","protected":false},"author":1,"featured_media":0,"parent":0,"menu_order":0,"comment_status":"closed","ping_status":"closed","template":"","meta":{"_monsterinsights_skip_tracking":false,"_monsterinsights_sitenote_active":false,"_monsterinsights_sitenote_note":"","_monsterinsights_sitenote_category":0,"footnotes":""},"class_list":["post-44","page","type-page","status-publish","hentry","latest_post"],"jetpack_sharing_enabled":true,"_links":{"self":[{"href":"https:\/\/fisi-safaris.com\/index.php?rest_route=\/wp\/v2\/pages\/44","targetHints":{"allow":["GET"]}}],"collection":[{"href":"https:\/\/fisi-safaris.com\/index.php?rest_route=\/wp\/v2\/pages"}],"about":[{"href":"https:\/\/fisi-safaris.com\/index.php?rest_route=\/wp\/v2\/types\/page"}],"author":[{"embeddable":true,"href":"https:\/\/fisi-safaris.com\/index.php?rest_route=\/wp\/v2\/users\/1"}],"replies":[{"embeddable":true,"href":"https:\/\/fisi-safaris.com\/index.php?rest_route=%2Fwp%2Fv2%2Fcomments&post=44"}],"version-history":[{"count":1,"href":"https:\/\/fisi-safaris.com\/index.php?rest_route=\/wp\/v2\/pages\/44\/revisions"}],"predecessor-version":[{"id":105,"href":"https:\/\/fisi-safaris.com\/index.php?rest_route=\/wp\/v2\/pages\/44\/revisions\/105"}],"wp:attachment":[{"href":"https:\/\/fisi-safaris.com\/index.php?rest_route=%2Fwp%2Fv2%2Fmedia&parent=44"}],"curies":[{"name":"wp","href":"https:\/\/api.w.org\/{rel}","templated":true}]}}